{"id":503,"date":"2024-05-13T10:04:57","date_gmt":"2024-05-13T08:04:57","guid":{"rendered":"https:\/\/djembekadon.fr\/?page_id=503"},"modified":"2024-05-15T09:04:19","modified_gmt":"2024-05-15T07:04:19","slug":"espace-membres","status":"publish","type":"page","link":"https:\/\/djembekadon.fr\/index.php\/espace-membres\/","title":{"rendered":"Espace Membres"},"content":{"rendered":"<div class=\"swpm-post-not-logged-in-msg\">You need to be logged in to view this content. Veuillez <a class=\"swpm-login-link\" href=\"https:\/\/djembekadon.fr\/index.php\/connexion\/\">Log In<\/a>. Not a Member? <a href=\"https:\/\/djembekadon.fr\/index.php\/membership-join\/\">Nous Rejoindre<\/a><\/div>","protected":false},"excerpt":{"rendered":"<p>Espace membres\u00a0Vous \u00eates connect\u00e9, actuellement, \u00e0 l&rsquo;espace membres, ce qui vous donne acc\u00e8s \u00e0 des pages et du contenu priv\u00e9es.photosVideosSonsPartitionsEnjoy the Beach Without the HassleCurabitur fermentum nulla non justo aliquet, quis vehicula quam consequat. Duis ut hendrerit tellus, elementum lacinia elit. Maecenas at consectetur ex, vitae consequat augue. Vivamus eget dolor vel quam condimentum sodales. [&hellip;]<\/p>\n","protected":false},"author":1,"featured_media":0,"parent":0,"menu_order":0,"comment_status":"closed","ping_status":"closed","template":"","meta":{"_et_pb_use_builder":"on","_et_pb_old_content":"","_et_gb_content_width":"","om_disable_all_campaigns":false,"_mc_calendar":[],"footnotes":""},"class_list":["post-503","page","type-page","status-publish","hentry"],"yoast_head":"<!-- This site is optimized with the Yoast SEO plugin v27.1.1 - https:\/\/yoast.com\/product\/yoast-seo-wordpress\/ -->\n<title>Espace Membres - Djemb\u00e9 Ka Don<\/title>\n<meta name=\"robots\" content=\"index, follow, max-snippet:-1, max-image-preview:large, max-video-preview:-1\" \/>\n<link rel=\"canonical\" href=\"https:\/\/djembekadon.fr\/index.php\/espace-membres\/\" \/>\n<meta property=\"og:locale\" content=\"fr_FR\" \/>\n<meta property=\"og:type\" content=\"article\" \/>\n<meta property=\"og:title\" content=\"Espace Membres - Djemb\u00e9 Ka Don\" \/>\n<meta property=\"og:description\" content=\"Espace membres\u00a0Vous \u00eates connect\u00e9, actuellement, \u00e0 l&#039;espace membres, ce qui vous donne acc\u00e8s \u00e0 des pages et du contenu priv\u00e9es.photosVideosSonsPartitionsEnjoy the Beach Without the HassleCurabitur fermentum nulla non justo aliquet, quis vehicula quam consequat. Duis ut hendrerit tellus, elementum lacinia elit. Maecenas at consectetur ex, vitae consequat augue. Vivamus eget dolor vel quam condimentum sodales. [&hellip;]\" \/>\n<meta property=\"og:url\" content=\"https:\/\/djembekadon.fr\/index.php\/espace-membres\/\" \/>\n<meta property=\"og:site_name\" content=\"Djemb\u00e9 Ka Don\" \/>\n<meta property=\"article:modified_time\" content=\"2024-05-15T07:04:19+00:00\" \/>\n<meta name=\"twitter:card\" content=\"summary_large_image\" \/>\n<meta name=\"twitter:label1\" content=\"Dur\u00e9e de lecture estim\u00e9e\" \/>\n\t<meta name=\"twitter:data1\" content=\"1 minute\" \/>\n<script type=\"application\/ld+json\" class=\"yoast-schema-graph\">{\"@context\":\"https:\/\/schema.org\",\"@graph\":[{\"@type\":\"WebPage\",\"@id\":\"https:\/\/djembekadon.fr\/index.php\/espace-membres\/\",\"url\":\"https:\/\/djembekadon.fr\/index.php\/espace-membres\/\",\"name\":\"Espace Membres - Djemb\u00e9 Ka Don\",\"isPartOf\":{\"@id\":\"https:\/\/djembekadon.fr\/#website\"},\"datePublished\":\"2024-05-13T08:04:57+00:00\",\"dateModified\":\"2024-05-15T07:04:19+00:00\",\"breadcrumb\":{\"@id\":\"https:\/\/djembekadon.fr\/index.php\/espace-membres\/#breadcrumb\"},\"inLanguage\":\"fr-FR\",\"potentialAction\":[{\"@type\":\"ReadAction\",\"target\":[\"https:\/\/djembekadon.fr\/index.php\/espace-membres\/\"]}]},{\"@type\":\"BreadcrumbList\",\"@id\":\"https:\/\/djembekadon.fr\/index.php\/espace-membres\/#breadcrumb\",\"itemListElement\":[{\"@type\":\"ListItem\",\"position\":1,\"name\":\"Accueil\",\"item\":\"https:\/\/djembekadon.fr\/\"},{\"@type\":\"ListItem\",\"position\":2,\"name\":\"Espace Membres\"}]},{\"@type\":\"WebSite\",\"@id\":\"https:\/\/djembekadon.fr\/#website\",\"url\":\"https:\/\/djembekadon.fr\/\",\"name\":\"Djemb\u00e9 Ka Don\",\"description\":\"Flash info : Inscription de derni\u00e8re minute !!!  Pour le cours d\u2019initiation Djemb\u00e9  (D\u00e9butant ou 1 an de pratique de l\u2019instrument), Il est  toujours possible de s\u2019inscrire au cours de Djemb\u00e9 ( le jeudi)  jusqu\u2019aux vacances de No\u00ebl. Pour les confirm\u00e9s, vous pouvez vous inscrire aux cours de Djemb\u00e9 et\/ou de Duns tout au long de l\u2019ann\u00e9e 2025-26.\u00a0 Le prix des cours sera calcul\u00e9 au prorata des s\u00e9ances restantes.\",\"publisher\":{\"@id\":\"https:\/\/djembekadon.fr\/#organization\"},\"potentialAction\":[{\"@type\":\"SearchAction\",\"target\":{\"@type\":\"EntryPoint\",\"urlTemplate\":\"https:\/\/djembekadon.fr\/?s={search_term_string}\"},\"query-input\":{\"@type\":\"PropertyValueSpecification\",\"valueRequired\":true,\"valueName\":\"search_term_string\"}}],\"inLanguage\":\"fr-FR\"},{\"@type\":\"Organization\",\"@id\":\"https:\/\/djembekadon.fr\/#organization\",\"name\":\"Djemb\u00e9 Ka Don\",\"url\":\"https:\/\/djembekadon.fr\/\",\"logo\":{\"@type\":\"ImageObject\",\"inLanguage\":\"fr-FR\",\"@id\":\"https:\/\/djembekadon.fr\/#\/schema\/logo\/image\/\",\"url\":\"https:\/\/djembekadon.fr\/wp-content\/uploads\/2021\/08\/cropped-logo-f-djembe-ka-don.png\",\"contentUrl\":\"https:\/\/djembekadon.fr\/wp-content\/uploads\/2021\/08\/cropped-logo-f-djembe-ka-don.png\",\"width\":512,\"height\":512,\"caption\":\"Djemb\u00e9 Ka Don\"},\"image\":{\"@id\":\"https:\/\/djembekadon.fr\/#\/schema\/logo\/image\/\"}}]}<\/script>\n<!-- \/ Yoast SEO plugin. -->","yoast_head_json":{"title":"Espace Membres - Djemb\u00e9 Ka Don","robots":{"index":"index","follow":"follow","max-snippet":"max-snippet:-1","max-image-preview":"max-image-preview:large","max-video-preview":"max-video-preview:-1"},"canonical":"https:\/\/djembekadon.fr\/index.php\/espace-membres\/","og_locale":"fr_FR","og_type":"article","og_title":"Espace Membres - Djemb\u00e9 Ka Don","og_description":"Espace membres\u00a0Vous \u00eates connect\u00e9, actuellement, \u00e0 l'espace membres, ce qui vous donne acc\u00e8s \u00e0 des pages et du contenu priv\u00e9es.photosVideosSonsPartitionsEnjoy the Beach Without the HassleCurabitur fermentum nulla non justo aliquet, quis vehicula quam consequat. Duis ut hendrerit tellus, elementum lacinia elit. Maecenas at consectetur ex, vitae consequat augue. Vivamus eget dolor vel quam condimentum sodales. [&hellip;]","og_url":"https:\/\/djembekadon.fr\/index.php\/espace-membres\/","og_site_name":"Djemb\u00e9 Ka Don","article_modified_time":"2024-05-15T07:04:19+00:00","twitter_card":"summary_large_image","twitter_misc":{"Dur\u00e9e de lecture estim\u00e9e":"1 minute"},"schema":{"@context":"https:\/\/schema.org","@graph":[{"@type":"WebPage","@id":"https:\/\/djembekadon.fr\/index.php\/espace-membres\/","url":"https:\/\/djembekadon.fr\/index.php\/espace-membres\/","name":"Espace Membres - Djemb\u00e9 Ka Don","isPartOf":{"@id":"https:\/\/djembekadon.fr\/#website"},"datePublished":"2024-05-13T08:04:57+00:00","dateModified":"2024-05-15T07:04:19+00:00","breadcrumb":{"@id":"https:\/\/djembekadon.fr\/index.php\/espace-membres\/#breadcrumb"},"inLanguage":"fr-FR","potentialAction":[{"@type":"ReadAction","target":["https:\/\/djembekadon.fr\/index.php\/espace-membres\/"]}]},{"@type":"BreadcrumbList","@id":"https:\/\/djembekadon.fr\/index.php\/espace-membres\/#breadcrumb","itemListElement":[{"@type":"ListItem","position":1,"name":"Accueil","item":"https:\/\/djembekadon.fr\/"},{"@type":"ListItem","position":2,"name":"Espace Membres"}]},{"@type":"WebSite","@id":"https:\/\/djembekadon.fr\/#website","url":"https:\/\/djembekadon.fr\/","name":"Djemb\u00e9 Ka Don","description":"Flash info : Inscription de derni\u00e8re minute !!!  Pour le cours d\u2019initiation Djemb\u00e9  (D\u00e9butant ou 1 an de pratique de l\u2019instrument), Il est  toujours possible de s\u2019inscrire au cours de Djemb\u00e9 ( le jeudi)  jusqu\u2019aux vacances de No\u00ebl. Pour les confirm\u00e9s, vous pouvez vous inscrire aux cours de Djemb\u00e9 et\/ou de Duns tout au long de l\u2019ann\u00e9e 2025-26.\u00a0 Le prix des cours sera calcul\u00e9 au prorata des s\u00e9ances restantes.","publisher":{"@id":"https:\/\/djembekadon.fr\/#organization"},"potentialAction":[{"@type":"SearchAction","target":{"@type":"EntryPoint","urlTemplate":"https:\/\/djembekadon.fr\/?s={search_term_string}"},"query-input":{"@type":"PropertyValueSpecification","valueRequired":true,"valueName":"search_term_string"}}],"inLanguage":"fr-FR"},{"@type":"Organization","@id":"https:\/\/djembekadon.fr\/#organization","name":"Djemb\u00e9 Ka Don","url":"https:\/\/djembekadon.fr\/","logo":{"@type":"ImageObject","inLanguage":"fr-FR","@id":"https:\/\/djembekadon.fr\/#\/schema\/logo\/image\/","url":"https:\/\/djembekadon.fr\/wp-content\/uploads\/2021\/08\/cropped-logo-f-djembe-ka-don.png","contentUrl":"https:\/\/djembekadon.fr\/wp-content\/uploads\/2021\/08\/cropped-logo-f-djembe-ka-don.png","width":512,"height":512,"caption":"Djemb\u00e9 Ka Don"},"image":{"@id":"https:\/\/djembekadon.fr\/#\/schema\/logo\/image\/"}}]}},"jetpack_sharing_enabled":true,"_links":{"self":[{"href":"https:\/\/djembekadon.fr\/index.php\/wp-json\/wp\/v2\/pages\/503","targetHints":{"allow":["GET"]}}],"collection":[{"href":"https:\/\/djembekadon.fr\/index.php\/wp-json\/wp\/v2\/pages"}],"about":[{"href":"https:\/\/djembekadon.fr\/index.php\/wp-json\/wp\/v2\/types\/page"}],"author":[{"embeddable":true,"href":"https:\/\/djembekadon.fr\/index.php\/wp-json\/wp\/v2\/users\/1"}],"replies":[{"embeddable":true,"href":"https:\/\/djembekadon.fr\/index.php\/wp-json\/wp\/v2\/comments?post=503"}],"version-history":[{"count":7,"href":"https:\/\/djembekadon.fr\/index.php\/wp-json\/wp\/v2\/pages\/503\/revisions"}],"predecessor-version":[{"id":553,"href":"https:\/\/djembekadon.fr\/index.php\/wp-json\/wp\/v2\/pages\/503\/revisions\/553"}],"wp:attachment":[{"href":"https:\/\/djembekadon.fr\/index.php\/wp-json\/wp\/v2\/media?parent=503"}],"curies":[{"name":"wp","href":"https:\/\/api.w.org\/{rel}","templated":true}]}}