{"id":37,"date":"2021-08-27T19:45:23","date_gmt":"2021-08-27T17:45:23","guid":{"rendered":"https:\/\/djembekadon.fr\/index.php\/my-calendar\/"},"modified":"2022-09-07T09:47:47","modified_gmt":"2022-09-07T07:47:47","slug":"my-calendar","status":"publish","type":"page","link":"https:\/\/djembekadon.fr\/index.php\/my-calendar\/","title":{"rendered":"Planning"},"content":{"rendered":"<div id=\"wppb-builder-container\" class=\"wppb-builder-container\">                <div  class=\"wppb-row-parent  wppb-row-1630206312942 \"  >\n\t\t\t\t\t\n\t\t\t\t\t\t\t\t\t\t\n\t\t\t\t\t\t\t\t\t\t\n\t\t\t\t\t<div class=\"wppb-container \">\n\t\t\t\t\t\t\t\t\t\t\t\t\t\n                        <div class=\"wppb-row\">\n\t\t\t\t\t\t\t                                    <div  class=\"wppb-column-parent wppb-column-parent-view wppb-col-1630206312941  \"  >\n                                        <div class=\"wppb-column\">\n\t\t\t\t\t\n\t\t\t\t\t\t\t\t\t\t\t\n                                            <div class=\"wppb-builder-addons\">\n\t\t\t\t\t\t\t\t\t\t\t\t<div class='wppb-builder-addon wppb-addon-1630206554061'  data-addon-id='1630206554061'><div class='wppb-addon'><div class=\"wppb-headline-addon\"><div class=\"wppb-headline-content\"><h2 class=\"wppb-addon-title\">Cours saisons 2023 - 2024<\/h2><\/div><\/div><\/div><\/div>                                            <\/div>\n                                        <\/div>\n                                    <\/div>\n\t\t\t\t\t\t\t\t\t                        <\/div>\n\n                    <\/div>\n                <\/div>\n\t\t\t\t                <div  class=\"wppb-row-parent  wppb-row-1663475780959 \"  >\n\t\t\t\t\t\n\t\t\t\t\t\t\t\t\t\t\n\t\t\t\t\t\t\t\t\t\t\n\t\t\t\t\t<div class=\"wppb-container wppb-container-full wppb-contaner-no-gutter\">\n\t\t\t\t\t\t\t\t\t\t\t\t\t\n                        <div class=\"wppb-row\">\n\t\t\t\t\t\t\t                                    <div  class=\"wppb-column-parent wppb-column-parent-view wppb-col-1663475780958  \"  >\n                                        <div class=\"wppb-column\">\n\t\t\t\t\t\n\t\t\t\t\t\t\t\t\t\t\t\n                                            <div class=\"wppb-builder-addons\">\n\t\t\t\t\t\t\t\t\t\t\t\t<div class='wppb-builder-addon wppb-addon-1696656257908'  data-addon-id='1696656257908'><div class='wppb-addon'><div class=\"wppb-image-addon\"><figure class=\"wppb-image-addon-content-wrap\"><div class=\"wppb-image-addon-content wppb-imginlineblock\"><img decoding=\"async\" class=\"wppb-image-addon-img\" src=\"https:\/\/djembekadon.fr\/wp-content\/uploads\/2023\/10\/dkd-cal.jpg\" alt=\"Image\"><\/div><\/figure><\/div><\/div><\/div>                                            <\/div>\n                                        <\/div>\n                                    <\/div>\n\t\t\t\t\t\t\t\t\t                        <\/div>\n\n                    <\/div>\n                <\/div>\n\t\t\t\t                <div  class=\"wppb-row-parent  wppb-row-1701335530904 \"  >\n\t\t\t\t\t\n\t\t\t\t\t\t\t\t\t\t\n\t\t\t\t\t\t\t\t\t\t\n\t\t\t\t\t<div class=\"wppb-container \">\n\t\t\t\t\t\t\t\t\t\t\t\t\t\n                        <div class=\"wppb-row\">\n\t\t\t\t\t\t\t                                    <div  class=\"wppb-column-parent wppb-column-parent-view wppb-col-1701335530903  \"  >\n                                        <div class=\"wppb-column\">\n\t\t\t\t\t\n\t\t\t\t\t\t\t\t\t\t\t\n                                            <div class=\"wppb-builder-addons\">\n\t\t\t\t\t\t\t\t\t\t\t\t<div class='wppb-builder-addon wppb-addon-1701335760361'  data-addon-id='1701335760361'><div class='wppb-addon'><div class=\"wppb-raw-html-addon\"><div class=\"wppb-raw-html-content\"><a style=\"color: #d06934\" href=\"https:\/\/smallpdf.com\/fr\/modifier-un-pdf#open=https%3A%2F%2Fdjembekadon.fr%2Fwp-content%2Fuploads%2F2023%2F10%2Fdkd-cal.pdf\" target=\"_blank\">Ouvrez et t\u00e9l\u00e9chargez avec Smallpdf<\/a><\/div><\/div><\/div><\/div>                                            <\/div>\n                                        <\/div>\n                                    <\/div>\n\t\t\t\t\t\t\t\t\t                        <\/div>\n\n                    <\/div>\n                <\/div>\n\t\t\t\t                <div  class=\"wppb-row-parent  wppb-row-1694509443179 \"  >\n\t\t\t\t\t\n\t\t\t\t\t\t\t\t\t\t\n\t\t\t\t\t\t\t\t\t\t\n\t\t\t\t\t<div class=\"wppb-container wppb-container-full\">\n\t\t\t\t\t\t\t\t\t\t\t\t\t\n                        <div class=\"wppb-row\">\n\t\t\t\t\t\t\t                                    <div  class=\"wppb-column-parent wppb-column-parent-view wppb-col-1694509443180  \"  >\n                                        <div class=\"wppb-column\">\n\t\t\t\t\t\n\t\t\t\t\t\t\t\t\t\t\t\n                                            <div class=\"wppb-builder-addons\">\n\t\t\t\t\t\t\t\t\t\t\t\t                                            <\/div>\n                                        <\/div>\n                                    <\/div>\n\t\t\t\t\t\t\t\t\t                        <\/div>\n\n                    <\/div>\n                <\/div>\n\t\t\t\t<\/div>","protected":false},"excerpt":{"rendered":"<p>Cours saisons 2023 &#8211; 2024 Ouvrez et t\u00e9l\u00e9chargez avec Smallpdf<\/p>\n","protected":false},"author":1,"featured_media":0,"parent":0,"menu_order":0,"comment_status":"closed","ping_status":"closed","template":"","meta":{"_et_pb_use_builder":"","_et_pb_old_content":"","_et_gb_content_width":"","om_disable_all_campaigns":false,"_mc_calendar":{"shortcode":"[my_calendar]"},"footnotes":""},"class_list":["post-37","page","type-page","status-publish","hentry"],"yoast_head":"<!-- This site is optimized with the Yoast SEO plugin v27.1.1 - https:\/\/yoast.com\/product\/yoast-seo-wordpress\/ -->\n<title>Planning - Djemb\u00e9 Ka Don<\/title>\n<meta name=\"robots\" content=\"index, follow, max-snippet:-1, max-image-preview:large, max-video-preview:-1\" \/>\n<link rel=\"canonical\" href=\"https:\/\/djembekadon.fr\/index.php\/my-calendar\/\" \/>\n<meta property=\"og:locale\" content=\"fr_FR\" \/>\n<meta property=\"og:type\" content=\"article\" \/>\n<meta property=\"og:title\" content=\"Planning - Djemb\u00e9 Ka Don\" \/>\n<meta property=\"og:description\" content=\"Cours saisons 2023 - 2024 Ouvrez et t\u00e9l\u00e9chargez avec Smallpdf\" \/>\n<meta property=\"og:url\" content=\"https:\/\/djembekadon.fr\/index.php\/my-calendar\/\" \/>\n<meta property=\"og:site_name\" content=\"Djemb\u00e9 Ka Don\" \/>\n<meta property=\"article:modified_time\" content=\"2022-09-07T07:47:47+00:00\" \/>\n<meta name=\"twitter:card\" content=\"summary_large_image\" \/>\n<meta name=\"twitter:label1\" content=\"Dur\u00e9e de lecture estim\u00e9e\" \/>\n\t<meta name=\"twitter:data1\" content=\"1 minute\" \/>\n<script type=\"application\/ld+json\" class=\"yoast-schema-graph\">{\"@context\":\"https:\/\/schema.org\",\"@graph\":[{\"@type\":\"WebPage\",\"@id\":\"https:\/\/djembekadon.fr\/index.php\/my-calendar\/\",\"url\":\"https:\/\/djembekadon.fr\/index.php\/my-calendar\/\",\"name\":\"Planning - Djemb\u00e9 Ka Don\",\"isPartOf\":{\"@id\":\"https:\/\/djembekadon.fr\/#website\"},\"datePublished\":\"2021-08-27T17:45:23+00:00\",\"dateModified\":\"2022-09-07T07:47:47+00:00\",\"breadcrumb\":{\"@id\":\"https:\/\/djembekadon.fr\/index.php\/my-calendar\/#breadcrumb\"},\"inLanguage\":\"fr-FR\",\"potentialAction\":[{\"@type\":\"ReadAction\",\"target\":[\"https:\/\/djembekadon.fr\/index.php\/my-calendar\/\"]}]},{\"@type\":\"BreadcrumbList\",\"@id\":\"https:\/\/djembekadon.fr\/index.php\/my-calendar\/#breadcrumb\",\"itemListElement\":[{\"@type\":\"ListItem\",\"position\":1,\"name\":\"Accueil\",\"item\":\"https:\/\/djembekadon.fr\/\"},{\"@type\":\"ListItem\",\"position\":2,\"name\":\"Planning\"}]},{\"@type\":\"WebSite\",\"@id\":\"https:\/\/djembekadon.fr\/#website\",\"url\":\"https:\/\/djembekadon.fr\/\",\"name\":\"Djemb\u00e9 Ka Don\",\"description\":\"Flash info : Inscription de derni\u00e8re minute !!!  Pour le cours d\u2019initiation Djemb\u00e9  (D\u00e9butant ou 1 an de pratique de l\u2019instrument), Il est  toujours possible de s\u2019inscrire au cours de Djemb\u00e9 ( le jeudi)  jusqu\u2019aux vacances de No\u00ebl. Pour les confirm\u00e9s, vous pouvez vous inscrire aux cours de Djemb\u00e9 et\/ou de Duns tout au long de l\u2019ann\u00e9e 2025-26.\u00a0 Le prix des cours sera calcul\u00e9 au prorata des s\u00e9ances restantes.\",\"publisher\":{\"@id\":\"https:\/\/djembekadon.fr\/#organization\"},\"potentialAction\":[{\"@type\":\"SearchAction\",\"target\":{\"@type\":\"EntryPoint\",\"urlTemplate\":\"https:\/\/djembekadon.fr\/?s={search_term_string}\"},\"query-input\":{\"@type\":\"PropertyValueSpecification\",\"valueRequired\":true,\"valueName\":\"search_term_string\"}}],\"inLanguage\":\"fr-FR\"},{\"@type\":\"Organization\",\"@id\":\"https:\/\/djembekadon.fr\/#organization\",\"name\":\"Djemb\u00e9 Ka Don\",\"url\":\"https:\/\/djembekadon.fr\/\",\"logo\":{\"@type\":\"ImageObject\",\"inLanguage\":\"fr-FR\",\"@id\":\"https:\/\/djembekadon.fr\/#\/schema\/logo\/image\/\",\"url\":\"https:\/\/djembekadon.fr\/wp-content\/uploads\/2021\/08\/cropped-logo-f-djembe-ka-don.png\",\"contentUrl\":\"https:\/\/djembekadon.fr\/wp-content\/uploads\/2021\/08\/cropped-logo-f-djembe-ka-don.png\",\"width\":512,\"height\":512,\"caption\":\"Djemb\u00e9 Ka Don\"},\"image\":{\"@id\":\"https:\/\/djembekadon.fr\/#\/schema\/logo\/image\/\"}}]}<\/script>\n<!-- \/ Yoast SEO plugin. -->","yoast_head_json":{"title":"Planning - Djemb\u00e9 Ka Don","robots":{"index":"index","follow":"follow","max-snippet":"max-snippet:-1","max-image-preview":"max-image-preview:large","max-video-preview":"max-video-preview:-1"},"canonical":"https:\/\/djembekadon.fr\/index.php\/my-calendar\/","og_locale":"fr_FR","og_type":"article","og_title":"Planning - Djemb\u00e9 Ka Don","og_description":"Cours saisons 2023 - 2024 Ouvrez et t\u00e9l\u00e9chargez avec Smallpdf","og_url":"https:\/\/djembekadon.fr\/index.php\/my-calendar\/","og_site_name":"Djemb\u00e9 Ka Don","article_modified_time":"2022-09-07T07:47:47+00:00","twitter_card":"summary_large_image","twitter_misc":{"Dur\u00e9e de lecture estim\u00e9e":"1 minute"},"schema":{"@context":"https:\/\/schema.org","@graph":[{"@type":"WebPage","@id":"https:\/\/djembekadon.fr\/index.php\/my-calendar\/","url":"https:\/\/djembekadon.fr\/index.php\/my-calendar\/","name":"Planning - Djemb\u00e9 Ka Don","isPartOf":{"@id":"https:\/\/djembekadon.fr\/#website"},"datePublished":"2021-08-27T17:45:23+00:00","dateModified":"2022-09-07T07:47:47+00:00","breadcrumb":{"@id":"https:\/\/djembekadon.fr\/index.php\/my-calendar\/#breadcrumb"},"inLanguage":"fr-FR","potentialAction":[{"@type":"ReadAction","target":["https:\/\/djembekadon.fr\/index.php\/my-calendar\/"]}]},{"@type":"BreadcrumbList","@id":"https:\/\/djembekadon.fr\/index.php\/my-calendar\/#breadcrumb","itemListElement":[{"@type":"ListItem","position":1,"name":"Accueil","item":"https:\/\/djembekadon.fr\/"},{"@type":"ListItem","position":2,"name":"Planning"}]},{"@type":"WebSite","@id":"https:\/\/djembekadon.fr\/#website","url":"https:\/\/djembekadon.fr\/","name":"Djemb\u00e9 Ka Don","description":"Flash info : Inscription de derni\u00e8re minute !!!  Pour le cours d\u2019initiation Djemb\u00e9  (D\u00e9butant ou 1 an de pratique de l\u2019instrument), Il est  toujours possible de s\u2019inscrire au cours de Djemb\u00e9 ( le jeudi)  jusqu\u2019aux vacances de No\u00ebl. Pour les confirm\u00e9s, vous pouvez vous inscrire aux cours de Djemb\u00e9 et\/ou de Duns tout au long de l\u2019ann\u00e9e 2025-26.\u00a0 Le prix des cours sera calcul\u00e9 au prorata des s\u00e9ances restantes.","publisher":{"@id":"https:\/\/djembekadon.fr\/#organization"},"potentialAction":[{"@type":"SearchAction","target":{"@type":"EntryPoint","urlTemplate":"https:\/\/djembekadon.fr\/?s={search_term_string}"},"query-input":{"@type":"PropertyValueSpecification","valueRequired":true,"valueName":"search_term_string"}}],"inLanguage":"fr-FR"},{"@type":"Organization","@id":"https:\/\/djembekadon.fr\/#organization","name":"Djemb\u00e9 Ka Don","url":"https:\/\/djembekadon.fr\/","logo":{"@type":"ImageObject","inLanguage":"fr-FR","@id":"https:\/\/djembekadon.fr\/#\/schema\/logo\/image\/","url":"https:\/\/djembekadon.fr\/wp-content\/uploads\/2021\/08\/cropped-logo-f-djembe-ka-don.png","contentUrl":"https:\/\/djembekadon.fr\/wp-content\/uploads\/2021\/08\/cropped-logo-f-djembe-ka-don.png","width":512,"height":512,"caption":"Djemb\u00e9 Ka Don"},"image":{"@id":"https:\/\/djembekadon.fr\/#\/schema\/logo\/image\/"}}]}},"jetpack_sharing_enabled":true,"_links":{"self":[{"href":"https:\/\/djembekadon.fr\/index.php\/wp-json\/wp\/v2\/pages\/37","targetHints":{"allow":["GET"]}}],"collection":[{"href":"https:\/\/djembekadon.fr\/index.php\/wp-json\/wp\/v2\/pages"}],"about":[{"href":"https:\/\/djembekadon.fr\/index.php\/wp-json\/wp\/v2\/types\/page"}],"author":[{"embeddable":true,"href":"https:\/\/djembekadon.fr\/index.php\/wp-json\/wp\/v2\/users\/1"}],"replies":[{"embeddable":true,"href":"https:\/\/djembekadon.fr\/index.php\/wp-json\/wp\/v2\/comments?post=37"}],"version-history":[{"count":19,"href":"https:\/\/djembekadon.fr\/index.php\/wp-json\/wp\/v2\/pages\/37\/revisions"}],"predecessor-version":[{"id":377,"href":"https:\/\/djembekadon.fr\/index.php\/wp-json\/wp\/v2\/pages\/37\/revisions\/377"}],"wp:attachment":[{"href":"https:\/\/djembekadon.fr\/index.php\/wp-json\/wp\/v2\/media?parent=37"}],"curies":[{"name":"wp","href":"https:\/\/api.w.org\/{rel}","templated":true}]}}